{"id":156,"date":"2015-05-15T09:16:56","date_gmt":"2015-05-15T08:16:56","guid":{"rendered":"http:\/\/www.histoiresgalantes.fr\/blog\/?page_id=156"},"modified":"2015-08-17T20:54:58","modified_gmt":"2015-08-17T19:54:58","slug":"quizz","status":"publish","type":"page","link":"https:\/\/www.histoiresgalantes.fr\/blog\/presentation\/quizz\/","title":{"rendered":"Quizz"},"content":{"rendered":"<p><strong>Testez vos connaissances en vous amusant !<\/strong><\/p>\n<p>Une Cour, deux favorites irr\u00e9sistibles, deux ducs passionn\u00e9ment amoureux, au XVIIIe si\u00e8cle Nancy n\u2019a rien \u00e0 envier \u00e0 Versailles\u2026<\/p>\n<p>&nbsp;<\/p>\n<h1><a href=\"http:\/\/www.histoiresgalantes.fr\/qcm2\/\">Quizz, cliquez ici, c&#8217;est parti !<\/a><\/h1>\n<p>&nbsp;<\/p>\n<p>&nbsp;<\/p>\n","protected":false},"excerpt":{"rendered":"<p>Testez vos connaissances en vous amusant ! Une Cour, deux favorites irr\u00e9sistibles, deux ducs passionn\u00e9ment amoureux, au XVIIIe si\u00e8cle Nancy n\u2019a rien \u00e0 envier \u00e0 Versailles\u2026 &nbsp; Quizz, cliquez ici, c&#8217;est parti ! &nbsp; &nbsp;<\/p>\n","protected":false},"author":1,"featured_media":0,"parent":2,"menu_order":4,"comment_status":"closed","ping_status":"closed","template":"","meta":{"om_disable_all_campaigns":false,"_monsterinsights_skip_tracking":false,"_monsterinsights_sitenote_active":false,"_monsterinsights_sitenote_note":"","_monsterinsights_sitenote_category":0,"_s2mail":"","footnotes":""},"class_list":["post-156","page","type-page","status-publish","hentry"],"aioseo_notices":[],"_links":{"self":[{"href":"https:\/\/www.histoiresgalantes.fr\/blog\/wp-json\/wp\/v2\/pages\/156","targetHints":{"allow":["GET"]}}],"collection":[{"href":"https:\/\/www.histoiresgalantes.fr\/blog\/wp-json\/wp\/v2\/pages"}],"about":[{"href":"https:\/\/www.histoiresgalantes.fr\/blog\/wp-json\/wp\/v2\/types\/page"}],"author":[{"embeddable":true,"href":"https:\/\/www.histoiresgalantes.fr\/blog\/wp-json\/wp\/v2\/users\/1"}],"replies":[{"embeddable":true,"href":"https:\/\/www.histoiresgalantes.fr\/blog\/wp-json\/wp\/v2\/comments?post=156"}],"version-history":[{"count":12,"href":"https:\/\/www.histoiresgalantes.fr\/blog\/wp-json\/wp\/v2\/pages\/156\/revisions"}],"predecessor-version":[{"id":2013,"href":"https:\/\/www.histoiresgalantes.fr\/blog\/wp-json\/wp\/v2\/pages\/156\/revisions\/2013"}],"up":[{"embeddable":true,"href":"https:\/\/www.histoiresgalantes.fr\/blog\/wp-json\/wp\/v2\/pages\/2"}],"wp:attachment":[{"href":"https:\/\/www.histoiresgalantes.fr\/blog\/wp-json\/wp\/v2\/media?parent=156"}],"curies":[{"name":"wp","href":"https:\/\/api.w.org\/{rel}","templated":true}]}}