{"id":1665,"date":"2015-06-27T05:23:49","date_gmt":"2015-06-27T04:23:49","guid":{"rendered":"http:\/\/www.histoiresgalantes.fr\/blog\/?page_id=1665"},"modified":"2015-06-27T05:23:49","modified_gmt":"2015-06-27T04:23:49","slug":"credits","status":"publish","type":"page","link":"https:\/\/www.histoiresgalantes.fr\/blog\/credits\/","title":{"rendered":"Cr\u00e9dits"},"content":{"rendered":"<p>\u00a9 2015 CouleurNancy. Tous droits de reproduction et de repr\u00e9sentation r\u00e9serv\u00e9s. Les rubriques (articles, photos de l&#8217;auteur) sont prot\u00e9g\u00e9es par des droits de propri\u00e9t\u00e9 intellectuelle d\u00e9tenus par Pascale Fourtier Debert. Par cons\u00e9quent, aucune de ces informations ne peut \u00eatre reproduite, modifi\u00e9e, rediffus\u00e9e, traduite, exploit\u00e9e commercialement ou r\u00e9utilis\u00e9e de quelque mani\u00e8re que ce soit sans l&#8217;accord pr\u00e9alable \u00e9crit de Pascale Fourtier Debert.<\/p>\n","protected":false},"excerpt":{"rendered":"<p>\u00a9 2015 CouleurNancy. Tous droits de reproduction et de repr\u00e9sentation r\u00e9serv\u00e9s. Les rubriques (articles, photos de l&#8217;auteur) sont prot\u00e9g\u00e9es par des droits de propri\u00e9t\u00e9 intellectuelle d\u00e9tenus par Pascale Fourtier Debert. Par cons\u00e9quent, aucune de ces informations ne peut \u00eatre reproduite, modifi\u00e9e, rediffus\u00e9e, traduite, exploit\u00e9e commercialement ou r\u00e9utilis\u00e9e de quelque mani\u00e8re que ce soit sans l&#8217;accord [&hellip;]<\/p>\n","protected":false},"author":1,"featured_media":0,"parent":0,"menu_order":0,"comment_status":"open","ping_status":"open","template":"","meta":{"om_disable_all_campaigns":false,"_monsterinsights_skip_tracking":false,"_monsterinsights_sitenote_active":false,"_monsterinsights_sitenote_note":"","_monsterinsights_sitenote_category":0,"_s2mail":"","footnotes":""},"class_list":["post-1665","page","type-page","status-publish","hentry"],"aioseo_notices":[],"_links":{"self":[{"href":"https:\/\/www.histoiresgalantes.fr\/blog\/wp-json\/wp\/v2\/pages\/1665","targetHints":{"allow":["GET"]}}],"collection":[{"href":"https:\/\/www.histoiresgalantes.fr\/blog\/wp-json\/wp\/v2\/pages"}],"about":[{"href":"https:\/\/www.histoiresgalantes.fr\/blog\/wp-json\/wp\/v2\/types\/page"}],"author":[{"embeddable":true,"href":"https:\/\/www.histoiresgalantes.fr\/blog\/wp-json\/wp\/v2\/users\/1"}],"replies":[{"embeddable":true,"href":"https:\/\/www.histoiresgalantes.fr\/blog\/wp-json\/wp\/v2\/comments?post=1665"}],"version-history":[{"count":1,"href":"https:\/\/www.histoiresgalantes.fr\/blog\/wp-json\/wp\/v2\/pages\/1665\/revisions"}],"predecessor-version":[{"id":1667,"href":"https:\/\/www.histoiresgalantes.fr\/blog\/wp-json\/wp\/v2\/pages\/1665\/revisions\/1667"}],"wp:attachment":[{"href":"https:\/\/www.histoiresgalantes.fr\/blog\/wp-json\/wp\/v2\/media?parent=1665"}],"curies":[{"name":"wp","href":"https:\/\/api.w.org\/{rel}","templated":true}]}}