{"id":2,"date":"2015-05-08T16:58:45","date_gmt":"2015-05-08T15:58:45","guid":{"rendered":"http:\/\/www.histoiresgalantes.fr\/blog\/?page_id=2"},"modified":"2025-04-06T09:13:45","modified_gmt":"2025-04-06T08:13:45","slug":"presentation","status":"publish","type":"page","link":"https:\/\/www.histoiresgalantes.fr\/blog\/presentation\/","title":{"rendered":"Pr\u00e9sentation"},"content":{"rendered":"<p class=\"p1\">Sp\u00e9cialis\u00e9e dans le XVIIIe si\u00e8cle, entre autres \u00e9poques, la nanc\u00e9ienne <strong>Pascale Fourtier-Debert<\/strong> d\u00e9mocratise l\u2019histoire.<br \/>\n<span style=\"font-size: revert; color: initial; font-family: -apple-system, BlinkMacSystemFont, 'Segoe UI', Roboto, Oxygen-Sans, Ubuntu, Cantarell, 'Helvetica Neue', sans-serif;\">Ses ouvrages consacr\u00e9s \u00e0 <strong>Tamara Karsavina, \u00c9milie du Ch\u00e2telet, Mme de Graffigny, Chr\u00e9tienne de Danemark, Charlotte de Rutant, Marie-Anne Collot<\/strong> ou encore \u00ab <strong>Diderot<\/strong> \u00bb, croustillent d\u2019anecdotes.<br \/>\n<\/span><span style=\"font-size: revert; color: initial; font-family: -apple-system, BlinkMacSystemFont, 'Segoe UI', Roboto, Oxygen-Sans, Ubuntu, Cantarell, 'Helvetica Neue', sans-serif;\">Son cr\u00e9do : faire \u00e9merger des mod\u00e8les f\u00e9minins de r\u00e9f\u00e9rence en \u00e9clairant l\u2019histoire sous l\u2019angle du XXIe si\u00e8cle.<\/span><\/p>\n<p class=\"p1\">Sa collection <em>Histoires Galantes<\/em> propose actuellement huit ouvrages, \u00e9dit\u00e9s par <strong>LIRALEST Le Pythagore \u00e9ditions<\/strong>, que l&#8217;autrice prolonge par des conf\u00e9rences.<br \/>\n<span style=\"color: initial; font-family: -apple-system, BlinkMacSystemFont, 'Segoe UI', Roboto, Oxygen-Sans, Ubuntu, Cantarell, 'Helvetica Neue', sans-serif; font-size: revert;\">Son <em>Dictionnaire des femmes artistes, n\u00e9es entre le XIIe et XIXe si\u00e8cle<\/em>, deux tomes, 676 femmes artistes et 800 illustrations, r\u00e9habilite la femme dans l\u2019histoire de l\u2019art.<\/span><\/p>\n<p class=\"p1\">Bio<br \/>\n<span style=\"font-size: revert; color: initial; font-family: -apple-system, BlinkMacSystemFont, 'Segoe UI', Roboto, Oxygen-Sans, Ubuntu, Cantarell, 'Helvetica Neue', sans-serif;\">Pascale Fourtier-Debert est n\u00e9e en 1964 \u00e0 Chaumont. Dipl\u00f4m\u00e9e des Beaux-Arts, elle est directrice artistique \u00e0 Paris chez Ogilvy Defrenois, Terre-Lune, puis directrice artistique free lance \u00e0 Nancy o\u00f9 elle vit aujourd\u2019hui.<br \/>\n<\/span><span style=\"font-size: revert; color: initial; font-family: -apple-system, BlinkMacSystemFont, 'Segoe UI', Roboto, Oxygen-Sans, Ubuntu, Cantarell, 'Helvetica Neue', sans-serif;\">\u00c9galement illustratrice et photographe, elle se passionne pour les livres, la mode, les ann\u00e9es 20 et 70, le XVIIIe si\u00e8cle, le dessin, etc&#8230; Elle publie La Maison de Tamara chez <strong>Albin Michel Jeunesse<\/strong> en 2011, traduit en 4 langues. Elle est l\u2019autrice et la r\u00e9dactrice du blog Histoires Galantes.<\/span><\/p>\n<p class=\"p1\">\u00c9dit\u00e9e chez Albin-Michel Jeunesse et Liralest &#8211; Le Pythagore \u00e9ditions, elle est \u00e9galement conf\u00e9renci\u00e8re, intervenante artistique et community manager.<\/p>\n","protected":false},"excerpt":{"rendered":"<p>Sp\u00e9cialis\u00e9e dans le XVIIIe si\u00e8cle, entre autres \u00e9poques, la nanc\u00e9ienne Pascale Fourtier-Debert d\u00e9mocratise l\u2019histoire. Ses ouvrages consacr\u00e9s \u00e0 Tamara Karsavina, \u00c9milie du Ch\u00e2telet, Mme de Graffigny, Chr\u00e9tienne de Danemark, Charlotte de Rutant, Marie-Anne Collot ou encore \u00ab Diderot \u00bb, croustillent d\u2019anecdotes. Son cr\u00e9do : faire \u00e9merger des mod\u00e8les f\u00e9minins de r\u00e9f\u00e9rence en \u00e9clairant l\u2019histoire sous [&hellip;]<\/p>\n","protected":false},"author":1,"featured_media":0,"parent":0,"menu_order":0,"comment_status":"closed","ping_status":"closed","template":"","meta":{"om_disable_all_campaigns":false,"_monsterinsights_skip_tracking":false,"_monsterinsights_sitenote_active":false,"_monsterinsights_sitenote_note":"","_monsterinsights_sitenote_category":0,"_s2mail":"yes","footnotes":""},"class_list":["post-2","page","type-page","status-publish","hentry"],"aioseo_notices":[],"_links":{"self":[{"href":"https:\/\/www.histoiresgalantes.fr\/blog\/wp-json\/wp\/v2\/pages\/2","targetHints":{"allow":["GET"]}}],"collection":[{"href":"https:\/\/www.histoiresgalantes.fr\/blog\/wp-json\/wp\/v2\/pages"}],"about":[{"href":"https:\/\/www.histoiresgalantes.fr\/blog\/wp-json\/wp\/v2\/types\/page"}],"author":[{"embeddable":true,"href":"https:\/\/www.histoiresgalantes.fr\/blog\/wp-json\/wp\/v2\/users\/1"}],"replies":[{"embeddable":true,"href":"https:\/\/www.histoiresgalantes.fr\/blog\/wp-json\/wp\/v2\/comments?post=2"}],"version-history":[{"count":25,"href":"https:\/\/www.histoiresgalantes.fr\/blog\/wp-json\/wp\/v2\/pages\/2\/revisions"}],"predecessor-version":[{"id":29580,"href":"https:\/\/www.histoiresgalantes.fr\/blog\/wp-json\/wp\/v2\/pages\/2\/revisions\/29580"}],"wp:attachment":[{"href":"https:\/\/www.histoiresgalantes.fr\/blog\/wp-json\/wp\/v2\/media?parent=2"}],"curies":[{"name":"wp","href":"https:\/\/api.w.org\/{rel}","templated":true}]}}