{"id":22960,"date":"2022-12-07T20:39:37","date_gmt":"2022-12-07T19:39:37","guid":{"rendered":"http:\/\/www.histoiresgalantes.fr\/blog\/?page_id=22960"},"modified":"2025-04-06T09:24:08","modified_gmt":"2025-04-06T08:24:08","slug":"house-book","status":"publish","type":"page","link":"https:\/\/www.histoiresgalantes.fr\/blog\/house-book\/","title":{"rendered":"House books"},"content":{"rendered":"\n<p><em>House Books<\/em> est le nom d&#8217;une collection de livres en r\u00e9alit\u00e9 virtuelle.<br>Cette collection offre au lecteur virtuel trois exp\u00e9riences qui le plongent dans un nouvel espace temps. Comme Alice in the Wonderland, le lecteur passe au &#8220;del\u00e0 du miroir&#8221; et se retrouve r\u00e9ellement dans le livre qu&#8217;il vient d&#8217;ouvrir. <\/p>\n\n\n\n<p>Voici quelques consignes pour visiter les maisons interactives sur votre ordinateur : lancer en 360\u00b0, puis cliquez sur les poign\u00e9es de porte pour passer d&#8217;une pi\u00e8ce \u00e0 l&#8217;autre et sur les objets qui vous entourent pour activer les po\u00e8mes, musiques, vid\u00e9os ou images.<br><br>LIVRE INTERACTIF SUR LA DANSEUSE TAMARA KARSAVINA<br>Lien inter-actif : <a href=\"https:\/\/www.histoiresgalantes.fr\/Tamara\/\" target=\"_blank\" rel=\"noreferrer noopener\"><strong><mark style=\"background-color:rgba(0, 0, 0, 0)\" class=\"has-inline-color has-vivid-cyan-blue-color\">La Maison de Tamara<\/mark><\/strong><\/a><\/p>\n\n\n<div class=\"wp-block-image\">\n<figure class=\"aligncenter size-full\"><a href=\"https:\/\/www.histoiresgalantes.fr\/Tamara\/\"><img loading=\"lazy\" decoding=\"async\" width=\"1000\" height=\"547\" src=\"https:\/\/www.histoiresgalantes.fr\/blog\/wp-content\/uploads\/2024\/06\/Tamara-house-titre-2.jpg\" alt=\"\" class=\"wp-image-27312\" srcset=\"https:\/\/www.histoiresgalantes.fr\/blog\/wp-content\/uploads\/2024\/06\/Tamara-house-titre-2.jpg 1000w, https:\/\/www.histoiresgalantes.fr\/blog\/wp-content\/uploads\/2024\/06\/Tamara-house-titre-2-300x164.jpg 300w, https:\/\/www.histoiresgalantes.fr\/blog\/wp-content\/uploads\/2024\/06\/Tamara-house-titre-2-768x420.jpg 768w\" sizes=\"auto, (max-width: 1000px) 100vw, 1000px\" \/><\/a><figcaption class=\"wp-element-caption\">https:\/\/www.histoiresgalantes.fr\/Tamara\/<\/figcaption><\/figure><\/div>\n\n\n<p>LIVRE INTERACTIF SUR LA POETESSE ANNA AKHMATOVA<br>Lien inter-actif : <a href=\"https:\/\/www.histoiresgalantes.fr\/Anna\/\" target=\"_blank\" rel=\"noreferrer noopener\"><strong><mark style=\"background-color:rgba(0, 0, 0, 0)\" class=\"has-inline-color has-vivid-cyan-blue-color\">Anna tout au bord de la mer<\/mark><\/strong><\/a><br><\/p>\n\n\n<div class=\"wp-block-image\">\n<figure class=\"aligncenter size-full\"><a href=\"https:\/\/www.histoiresgalantes.fr\/Anna\/\"><img loading=\"lazy\" decoding=\"async\" width=\"1000\" height=\"547\" src=\"https:\/\/www.histoiresgalantes.fr\/blog\/wp-content\/uploads\/2024\/06\/Anna-house-titre2.jpg\" alt=\"\" class=\"wp-image-27308\" srcset=\"https:\/\/www.histoiresgalantes.fr\/blog\/wp-content\/uploads\/2024\/06\/Anna-house-titre2.jpg 1000w, https:\/\/www.histoiresgalantes.fr\/blog\/wp-content\/uploads\/2024\/06\/Anna-house-titre2-300x164.jpg 300w, https:\/\/www.histoiresgalantes.fr\/blog\/wp-content\/uploads\/2024\/06\/Anna-house-titre2-768x420.jpg 768w\" sizes=\"auto, (max-width: 1000px) 100vw, 1000px\" \/><\/a><figcaption class=\"wp-element-caption\">https:\/\/www.histoiresgalantes.fr\/Anna\/<\/figcaption><\/figure><\/div>\n\n\n<p>LIVRE INTERACTIF SUR LA MATHEMATICIENNE EMILIE DU CHATELET<br>Lien inter-actif vers :<strong><mark style=\"background-color:rgba(0, 0, 0, 0)\" class=\"has-inline-color has-vivid-cyan-blue-color\"> <\/mark><a href=\"https:\/\/www.histoiresgalantes.fr\/Emilie\/\" target=\"_blank\" rel=\"noopener\" title=\"\"><mark style=\"background-color:rgba(0, 0, 0, 0)\" class=\"has-inline-color has-vivid-cyan-blue-color\">Le Ch\u00e2teau d&#8217;Emilie<\/mark><\/a><\/strong><\/p>\n\n\n<div class=\"wp-block-image\">\n<figure class=\"aligncenter size-full\"><a href=\"https:\/\/www.histoiresgalantes.fr\/Emilie\/\"><img loading=\"lazy\" decoding=\"async\" width=\"1000\" height=\"547\" src=\"https:\/\/www.histoiresgalantes.fr\/blog\/wp-content\/uploads\/2024\/06\/Emilie-house-titre.jpg\" alt=\"\" class=\"wp-image-27310\" srcset=\"https:\/\/www.histoiresgalantes.fr\/blog\/wp-content\/uploads\/2024\/06\/Emilie-house-titre.jpg 1000w, https:\/\/www.histoiresgalantes.fr\/blog\/wp-content\/uploads\/2024\/06\/Emilie-house-titre-300x164.jpg 300w, https:\/\/www.histoiresgalantes.fr\/blog\/wp-content\/uploads\/2024\/06\/Emilie-house-titre-768x420.jpg 768w\" sizes=\"auto, (max-width: 1000px) 100vw, 1000px\" \/><\/a><figcaption class=\"wp-element-caption\">https:\/\/www.histoiresgalantes.fr\/Emilie\/<\/figcaption><\/figure><\/div>","protected":false},"excerpt":{"rendered":"<p>House Books est le nom d&#8217;une collection de livres en r\u00e9alit\u00e9 virtuelle.Cette collection offre au lecteur virtuel trois exp\u00e9riences qui le plongent dans un nouvel espace temps. Comme Alice in the Wonderland, le lecteur passe au &#8220;del\u00e0 du miroir&#8221; et se retrouve r\u00e9ellement dans le livre qu&#8217;il vient d&#8217;ouvrir. Voici quelques consignes pour visiter les [&hellip;]<\/p>\n","protected":false},"author":1,"featured_media":23001,"parent":0,"menu_order":0,"comment_status":"closed","ping_status":"closed","template":"","meta":{"om_disable_all_campaigns":false,"_monsterinsights_skip_tracking":false,"_monsterinsights_sitenote_active":false,"_monsterinsights_sitenote_note":"","_monsterinsights_sitenote_category":0,"_s2mail":"yes","footnotes":""},"class_list":["post-22960","page","type-page","status-publish","has-post-thumbnail","hentry"],"aioseo_notices":[],"_links":{"self":[{"href":"https:\/\/www.histoiresgalantes.fr\/blog\/wp-json\/wp\/v2\/pages\/22960","targetHints":{"allow":["GET"]}}],"collection":[{"href":"https:\/\/www.histoiresgalantes.fr\/blog\/wp-json\/wp\/v2\/pages"}],"about":[{"href":"https:\/\/www.histoiresgalantes.fr\/blog\/wp-json\/wp\/v2\/types\/page"}],"author":[{"embeddable":true,"href":"https:\/\/www.histoiresgalantes.fr\/blog\/wp-json\/wp\/v2\/users\/1"}],"replies":[{"embeddable":true,"href":"https:\/\/www.histoiresgalantes.fr\/blog\/wp-json\/wp\/v2\/comments?post=22960"}],"version-history":[{"count":21,"href":"https:\/\/www.histoiresgalantes.fr\/blog\/wp-json\/wp\/v2\/pages\/22960\/revisions"}],"predecessor-version":[{"id":29584,"href":"https:\/\/www.histoiresgalantes.fr\/blog\/wp-json\/wp\/v2\/pages\/22960\/revisions\/29584"}],"wp:featuredmedia":[{"embeddable":true,"href":"https:\/\/www.histoiresgalantes.fr\/blog\/wp-json\/wp\/v2\/media\/23001"}],"wp:attachment":[{"href":"https:\/\/www.histoiresgalantes.fr\/blog\/wp-json\/wp\/v2\/media?parent=22960"}],"curies":[{"name":"wp","href":"https:\/\/api.w.org\/{rel}","templated":true}]}}