{"id":27577,"date":"2024-07-01T17:04:27","date_gmt":"2024-07-01T16:04:27","guid":{"rendered":"https:\/\/www.histoiresgalantes.fr\/blog\/?page_id=27577"},"modified":"2024-07-02T13:00:21","modified_gmt":"2024-07-02T12:00:21","slug":"edition","status":"publish","type":"page","link":"https:\/\/www.histoiresgalantes.fr\/blog\/edition\/","title":{"rendered":"Edition"},"content":{"rendered":"\n<p>Bio<\/p>\n\n\n\n<p>Pascale Fourtier-Debert est n\u00e9e en 1964 \u00e0 Chaumont. Dipl\u00f4m\u00e9e des Beaux-Arts, elle est directrice artistique \u00e0 Paris chez Ogilvy Defrenois, Terre-Lune, puis directrice artistique freelance \u00e0 Nancy o\u00f9 elle vit aujourd\u2019hui.<\/p>\n\n\n\n<p>Edit\u00e9e chez Albin-Michel Jeunesse et Liralest &#8211; Le Pythagore \u00e9ditions, &nbsp;elle est \u00e9galement conf\u00e9renci\u00e8re, intervenante artistique et community manager.<\/p>\n\n\n\n<p>Sp\u00e9cialis\u00e9e dans le XVIIIe si\u00e8cle, entre autres \u00e9poques, la nanc\u00e9ienne <strong>Pascale Fourtier-Debert<\/strong> d\u00e9mocratise l\u2019histoire.<\/p>\n\n\n\n<p>Ses ouvrages consacr\u00e9s \u00e0 <strong>Emilie du Ch\u00e2telet<\/strong>, <strong>Mme de Graffigny<\/strong>, <strong>Chr\u00e9tienne de Danemark<\/strong>, ou encore <strong>Diderot<\/strong>, croustillent d\u2019anecdotes.<\/p>\n\n\n\n<p>Son cr\u00e9do : faire \u00e9merger des mod\u00e8les f\u00e9minins de r\u00e9f\u00e9rence en \u00e9clairant l\u2019histoire sous l\u2019angle du XXIe si\u00e8cle.<\/p>\n\n\n\n<p>Sa collection <em>Histoires Galantes<\/em> propose actuellement sept ouvrages, \u00e9dit\u00e9s par <strong>LIRALEST Le Pythagore \u00e9ditions,<\/strong> que l&#8217;autrice prolonge par <a href=\"https:\/\/www.histoiresgalantes.fr\/blog\/edition\/conferences\/\" target=\"_blank\" rel=\"noopener\" title=\"\">des conf\u00e9rences<\/a> \u00e0 commander en ligne \u00e0 cette adresse : debert.pascale@wanadoo.fr<\/p>\n\n\n\n<p>Son dernier ouvrage, <em>Dictionnaire de femmes artistes, n\u00e9es entre le XIIe et XIXe si\u00e8cle<\/em>, deux tomes, 676 femmes artistes et 800 illustrations, r\u00e9habilite la femme dans l\u2019histoire de l\u2019art.<\/p>\n\n\n\n<p><\/p>\n\n\n\n<figure class=\"wp-block-image size-large\"><a href=\"https:\/\/www.histoiresgalantes.fr\/blog\/wp-content\/uploads\/2024\/07\/collection-HG.jpg\"><img loading=\"lazy\" decoding=\"async\" width=\"1024\" height=\"808\" src=\"https:\/\/www.histoiresgalantes.fr\/blog\/wp-content\/uploads\/2024\/07\/collection-HG-1024x808.jpg\" alt=\"\" class=\"wp-image-27603\" srcset=\"https:\/\/www.histoiresgalantes.fr\/blog\/wp-content\/uploads\/2024\/07\/collection-HG-1024x808.jpg 1024w, https:\/\/www.histoiresgalantes.fr\/blog\/wp-content\/uploads\/2024\/07\/collection-HG-300x237.jpg 300w, https:\/\/www.histoiresgalantes.fr\/blog\/wp-content\/uploads\/2024\/07\/collection-HG-768x606.jpg 768w, https:\/\/www.histoiresgalantes.fr\/blog\/wp-content\/uploads\/2024\/07\/collection-HG-1536x1212.jpg 1536w, https:\/\/www.histoiresgalantes.fr\/blog\/wp-content\/uploads\/2024\/07\/collection-HG.jpg 2000w\" sizes=\"auto, (max-width: 1024px) 100vw, 1024px\" \/><\/a><\/figure>\n","protected":false},"excerpt":{"rendered":"<p>Bio Pascale Fourtier-Debert est n\u00e9e en 1964 \u00e0 Chaumont. Dipl\u00f4m\u00e9e des Beaux-Arts, elle est directrice artistique \u00e0 Paris chez Ogilvy Defrenois, Terre-Lune, puis directrice artistique freelance \u00e0 Nancy o\u00f9 elle vit aujourd\u2019hui. Edit\u00e9e chez Albin-Michel Jeunesse et Liralest &#8211; Le Pythagore \u00e9ditions, &nbsp;elle est \u00e9galement conf\u00e9renci\u00e8re, intervenante artistique et community manager. Sp\u00e9cialis\u00e9e dans le XVIIIe [&hellip;]<\/p>\n","protected":false},"author":1,"featured_media":0,"parent":0,"menu_order":0,"comment_status":"closed","ping_status":"closed","template":"","meta":{"om_disable_all_campaigns":false,"_monsterinsights_skip_tracking":false,"_monsterinsights_sitenote_active":false,"_monsterinsights_sitenote_note":"","_monsterinsights_sitenote_category":0,"_s2mail":"yes","footnotes":""},"class_list":["post-27577","page","type-page","status-publish","hentry"],"aioseo_notices":[],"_links":{"self":[{"href":"https:\/\/www.histoiresgalantes.fr\/blog\/wp-json\/wp\/v2\/pages\/27577","targetHints":{"allow":["GET"]}}],"collection":[{"href":"https:\/\/www.histoiresgalantes.fr\/blog\/wp-json\/wp\/v2\/pages"}],"about":[{"href":"https:\/\/www.histoiresgalantes.fr\/blog\/wp-json\/wp\/v2\/types\/page"}],"author":[{"embeddable":true,"href":"https:\/\/www.histoiresgalantes.fr\/blog\/wp-json\/wp\/v2\/users\/1"}],"replies":[{"embeddable":true,"href":"https:\/\/www.histoiresgalantes.fr\/blog\/wp-json\/wp\/v2\/comments?post=27577"}],"version-history":[{"count":4,"href":"https:\/\/www.histoiresgalantes.fr\/blog\/wp-json\/wp\/v2\/pages\/27577\/revisions"}],"predecessor-version":[{"id":27611,"href":"https:\/\/www.histoiresgalantes.fr\/blog\/wp-json\/wp\/v2\/pages\/27577\/revisions\/27611"}],"wp:attachment":[{"href":"https:\/\/www.histoiresgalantes.fr\/blog\/wp-json\/wp\/v2\/media?parent=27577"}],"curies":[{"name":"wp","href":"https:\/\/api.w.org\/{rel}","templated":true}]}}