{"id":27580,"date":"2024-07-01T17:05:39","date_gmt":"2024-07-01T16:05:39","guid":{"rendered":"https:\/\/www.histoiresgalantes.fr\/blog\/?page_id=27580"},"modified":"2024-07-02T13:13:55","modified_gmt":"2024-07-02T12:13:55","slug":"conferences","status":"publish","type":"page","link":"https:\/\/www.histoiresgalantes.fr\/blog\/edition\/conferences\/","title":{"rendered":"Conf\u00e9rences"},"content":{"rendered":"<div class=\"wp-block-image\">\n<figure class=\"aligncenter size-full\"><a href=\"https:\/\/www.histoiresgalantes.fr\/blog\/wp-content\/uploads\/2024\/07\/Conf-femmes-artistes2.jpg\"><img loading=\"lazy\" decoding=\"async\" width=\"967\" height=\"723\" src=\"https:\/\/www.histoiresgalantes.fr\/blog\/wp-content\/uploads\/2024\/07\/Conf-femmes-artistes2.jpg\" alt=\"\" class=\"wp-image-27592\" srcset=\"https:\/\/www.histoiresgalantes.fr\/blog\/wp-content\/uploads\/2024\/07\/Conf-femmes-artistes2.jpg 967w, https:\/\/www.histoiresgalantes.fr\/blog\/wp-content\/uploads\/2024\/07\/Conf-femmes-artistes2-300x224.jpg 300w, https:\/\/www.histoiresgalantes.fr\/blog\/wp-content\/uploads\/2024\/07\/Conf-femmes-artistes2-768x574.jpg 768w, https:\/\/www.histoiresgalantes.fr\/blog\/wp-content\/uploads\/2024\/07\/Conf-femmes-artistes2-640x480.jpg 640w\" sizes=\"auto, (max-width: 967px) 100vw, 967px\" \/><\/a><\/figure><\/div>\n\n\n<p><strong>Les femmes dans l&#8217;histoire de l&#8217;art<\/strong><\/p>\n\n\n\n<p>Pr\u00e9sentation d\u2019\u0153uvres majeures de l\u2019histoire de l\u2019art, sign\u00e9es par douze femmes artistes ayant un lien avec la r\u00e9gion Grand Est..<br>\u00ab <em>Les femmes ont brill\u00e9 dans toutes les sciences et tous les arts qu\u2019elles ont voulu cultiver. <\/em>\u00bb Giorgio Vasari, 1550.<br>\u00c0 toutes les \u00e9poques, les femmes artistes occidentales ont fait preuve d\u2019un immense g\u00e9nie et d\u2019une grande t\u00e9nacit\u00e9 pour arriver \u00e0 exercer leur art de fa\u00e7on professionnelle, puis au fil des si\u00e8cles, ces artistes admir\u00e9es de leur vivant sont tomb\u00e9es inexorablement dans l\u2019oubli.<br>D\u00e9couvrez les ressorts de cette invisibilisation gr\u00e2ce aux destins de douze femmes artistes professionnelles n\u00e9es entre le XIIe et l&#8217;aube du XIXe si\u00e8cle et ayant un lien avec notre r\u00e9gion. <\/p>\n\n\n<div class=\"wp-block-image\">\n<figure class=\"aligncenter size-full\"><a href=\"https:\/\/www.histoiresgalantes.fr\/blog\/wp-content\/uploads\/2024\/07\/conf-emilie-mode-1.jpg\"><img loading=\"lazy\" decoding=\"async\" width=\"970\" height=\"728\" src=\"https:\/\/www.histoiresgalantes.fr\/blog\/wp-content\/uploads\/2024\/07\/conf-emilie-mode-1.jpg\" alt=\"\" class=\"wp-image-27591\" srcset=\"https:\/\/www.histoiresgalantes.fr\/blog\/wp-content\/uploads\/2024\/07\/conf-emilie-mode-1.jpg 970w, https:\/\/www.histoiresgalantes.fr\/blog\/wp-content\/uploads\/2024\/07\/conf-emilie-mode-1-300x225.jpg 300w, https:\/\/www.histoiresgalantes.fr\/blog\/wp-content\/uploads\/2024\/07\/conf-emilie-mode-1-768x576.jpg 768w, https:\/\/www.histoiresgalantes.fr\/blog\/wp-content\/uploads\/2024\/07\/conf-emilie-mode-1-640x480.jpg 640w\" sizes=\"auto, (max-width: 970px) 100vw, 970px\" \/><\/a><\/figure><\/div>\n\n\n<p><strong>Emilie &amp; la Mode<br>ou Petit aper\u00e7u du march\u00e9 du luxe au XVIIIe si\u00e8cle<\/strong><\/p>\n\n\n\n<p>D\u00e9couvrez la vie quotidienne du couple le plus sulfureux de l\u2019\u00e9poque \u00e0 travers les factures du ch\u00e2teau de Cirey [1733 \u00e0 1742], oubli\u00e9es pendant deux si\u00e8cles et red\u00e9couvertes en 2011.<br>Documents choisis, m\u00e9moires, quittances, billets \u00e0 ordre et autres, concernant la gestion de la vie domestique de la marquise du Ch\u00e2telet en son ch\u00e2teau de Cirey et son appartement rue Traversi\u00e8re \u00e0 Paris, et couvrant la p\u00e9riode de 1733 \u00e0 1750, illustr\u00e9s de nombreux documents graphiques.<br>\u00a0Habits de cour, tissus pr\u00e9cieux, parfumerie, objets et mobilier de luxe, tables, papiers et chopine d\u2019encre\u2026<br>Emilie est aristocrate jusqu\u2019au bout des ongles, et pourtant, elle choisit d\u2019aimer un homme sans noblesse, bravant les dictas d\u2019une cour qui l\u2019ennuie.<br>Dans ses factures, que l\u2019on appelle \u00e0 l\u2019\u00e9poque des \u00ab memoires \u00bb, ou \u00ab billets \u00e0 ordre \u00bb (s\u2019\u00e9chelonnant parfois sur plusieurs ann\u00e9es), vous allez remarquer, que si la marquise du Ch\u00e2telet d\u00e9cide de fuir le monde, elle ne renonce pas pour autant \u00e0 son luxe et \u00e0 ses paillettes !<br>Chaque \u00e9cran est accompagn\u00e9 d\u2019un texte, histoire ou anecdote illustrant le document choisi.<\/p>\n\n\n<div class=\"wp-block-image\">\n<figure class=\"aligncenter size-full\"><a href=\"https:\/\/www.histoiresgalantes.fr\/blog\/wp-content\/uploads\/2024\/07\/Conf-Diderot2.jpg\"><img loading=\"lazy\" decoding=\"async\" width=\"967\" height=\"725\" src=\"https:\/\/www.histoiresgalantes.fr\/blog\/wp-content\/uploads\/2024\/07\/Conf-Diderot2.jpg\" alt=\"\" class=\"wp-image-27594\" srcset=\"https:\/\/www.histoiresgalantes.fr\/blog\/wp-content\/uploads\/2024\/07\/Conf-Diderot2.jpg 967w, https:\/\/www.histoiresgalantes.fr\/blog\/wp-content\/uploads\/2024\/07\/Conf-Diderot2-300x225.jpg 300w, https:\/\/www.histoiresgalantes.fr\/blog\/wp-content\/uploads\/2024\/07\/Conf-Diderot2-768x576.jpg 768w, https:\/\/www.histoiresgalantes.fr\/blog\/wp-content\/uploads\/2024\/07\/Conf-Diderot2-640x480.jpg 640w\" sizes=\"auto, (max-width: 967px) 100vw, 967px\" \/><\/a><\/figure><\/div>\n\n\n<p><strong>Diderot &#8211; L&#8217;inattendu<\/strong><br><br>Une conf\u00e9rence dessinant le portrait de Denis Diderot gr\u00e2ce \u00e0 des anecdotes imag\u00e9es et anim\u00e9es sur : son enfance, son parcours d\u2019\u00e9tudiant, la boh\u00e8me parisienne, son r\u00e9seau, ses influences f\u00e9minines, etc.<\/p>\n\n\n\n<p>Le but \u00e9tant de faire comprendre comment Diderot met son \u00e9nergie \u00ab d\u00e9bordante \u00bb, son intelligence et son g\u00e9nie au service de la d\u00e9mocratisation des savoirs et des savoir-faire.<\/p>\n\n\n\n<p>Avec des focus sur les endroits \u00e0 visiter \u00e0 Paris mais aussi \u00e0 Langres, des lieux illustrant \u00ab l\u2019esprit Diderotien \u00bb : manufacture de Glaces de Rouelles, la Colline des Fourches, ancien couvent des Ursulines, fontaine de la Grenouille, etc. <br>Chaque \u00e9cran est accompagn\u00e9 d\u2019un texte, histoire ou anecdote illustrant le document choisi.<br><\/p>\n\n\n<div class=\"wp-block-image\">\n<figure class=\"aligncenter size-full\"><a href=\"https:\/\/www.histoiresgalantes.fr\/blog\/wp-content\/uploads\/2024\/07\/conf-emilie-abelle.jpg\"><img loading=\"lazy\" decoding=\"async\" width=\"849\" height=\"697\" src=\"https:\/\/www.histoiresgalantes.fr\/blog\/wp-content\/uploads\/2024\/07\/conf-emilie-abelle.jpg\" alt=\"\" class=\"wp-image-27595\" srcset=\"https:\/\/www.histoiresgalantes.fr\/blog\/wp-content\/uploads\/2024\/07\/conf-emilie-abelle.jpg 849w, https:\/\/www.histoiresgalantes.fr\/blog\/wp-content\/uploads\/2024\/07\/conf-emilie-abelle-300x246.jpg 300w, https:\/\/www.histoiresgalantes.fr\/blog\/wp-content\/uploads\/2024\/07\/conf-emilie-abelle-768x631.jpg 768w\" sizes=\"auto, (max-width: 849px) 100vw, 849px\" \/><\/a><\/figure><\/div>\n\n\n<p><strong>Emilie &amp; Abelle<br>Destins crois\u00e9s<\/strong><br>\u200b<br>D\u00e9couvrez les destins crois\u00e9s de deux femmes exceptionnelles, que tout oppose mais que tout rapproche.<\/p>\n\n\n\n<p>Emilie du Ch\u00e2telet et Fran\u00e7oise de Graffigny sont deux figures f\u00e9minines embl\u00e9matiques du XVIIIe si\u00e8cle, l\u2019une connue pour ses travaux scientifiques et la seconde pour ses travaux litt\u00e9raires.<\/p>\n\n\n\n<p>Leurs chemins se sont crois\u00e9s, en particulier au ch\u00e2teau de Cirey dans lequel Emilie tentait de pr\u00e9server son intimit\u00e9 avec Voltaire, et o\u00f9 malheureusement elle invite Mme de Graffigny qui ne pense qu\u2019\u00e0 amuser ses amis en racontant les potins.<\/p>\n","protected":false},"excerpt":{"rendered":"<p>Les femmes dans l&#8217;histoire de l&#8217;art Pr\u00e9sentation d\u2019\u0153uvres majeures de l\u2019histoire de l\u2019art, sign\u00e9es par douze femmes artistes ayant un lien avec la r\u00e9gion Grand Est..\u00ab Les femmes ont brill\u00e9 dans toutes les sciences et tous les arts qu\u2019elles ont voulu cultiver. \u00bb Giorgio Vasari, 1550.\u00c0 toutes les \u00e9poques, les femmes artistes occidentales ont fait [&hellip;]<\/p>\n","protected":false},"author":1,"featured_media":0,"parent":27577,"menu_order":2,"comment_status":"closed","ping_status":"closed","template":"","meta":{"om_disable_all_campaigns":false,"_monsterinsights_skip_tracking":false,"_monsterinsights_sitenote_active":false,"_monsterinsights_sitenote_note":"","_monsterinsights_sitenote_category":0,"_s2mail":"yes","footnotes":""},"class_list":["post-27580","page","type-page","status-publish","hentry"],"aioseo_notices":[],"_links":{"self":[{"href":"https:\/\/www.histoiresgalantes.fr\/blog\/wp-json\/wp\/v2\/pages\/27580","targetHints":{"allow":["GET"]}}],"collection":[{"href":"https:\/\/www.histoiresgalantes.fr\/blog\/wp-json\/wp\/v2\/pages"}],"about":[{"href":"https:\/\/www.histoiresgalantes.fr\/blog\/wp-json\/wp\/v2\/types\/page"}],"author":[{"embeddable":true,"href":"https:\/\/www.histoiresgalantes.fr\/blog\/wp-json\/wp\/v2\/users\/1"}],"replies":[{"embeddable":true,"href":"https:\/\/www.histoiresgalantes.fr\/blog\/wp-json\/wp\/v2\/comments?post=27580"}],"version-history":[{"count":7,"href":"https:\/\/www.histoiresgalantes.fr\/blog\/wp-json\/wp\/v2\/pages\/27580\/revisions"}],"predecessor-version":[{"id":27614,"href":"https:\/\/www.histoiresgalantes.fr\/blog\/wp-json\/wp\/v2\/pages\/27580\/revisions\/27614"}],"up":[{"embeddable":true,"href":"https:\/\/www.histoiresgalantes.fr\/blog\/wp-json\/wp\/v2\/pages\/27577"}],"wp:attachment":[{"href":"https:\/\/www.histoiresgalantes.fr\/blog\/wp-json\/wp\/v2\/media?parent=27580"}],"curies":[{"name":"wp","href":"https:\/\/api.w.org\/{rel}","templated":true}]}}